{"id":979,"date":"2024-06-28T20:23:21","date_gmt":"2024-06-28T18:23:21","guid":{"rendered":"https:\/\/sympacomm.ch\/?page_id=979"},"modified":"2024-07-07T15:54:35","modified_gmt":"2024-07-07T13:54:35","slug":"frg-24","status":"publish","type":"page","link":"https:\/\/sympacomm.ch\/de\/frg-24\/","title":{"rendered":"FRG 24"},"content":{"rendered":"<div data-elementor-type=\"wp-page\" data-elementor-id=\"979\" class=\"elementor elementor-979\" data-elementor-post-type=\"page\">\n\t\t\t\t<div class=\"elementor-element elementor-element-4a2c2a7 e-flex e-con-boxed e-con e-parent\" data-id=\"4a2c2a7\" data-element_type=\"container\" data-settings=\"{&quot;_ha_eqh_enable&quot;:false}\">\n\t\t\t\t\t<div class=\"e-con-inner\">\n\t\t\t\t<div class=\"elementor-element elementor-element-40e7547 jltma-glass-effect-no elementor-widget elementor-widget-image\" data-id=\"40e7547\" data-element_type=\"widget\" data-widget_type=\"image.default\">\n\t\t\t\t<div class=\"elementor-widget-container\">\n\t\t\t<style>\/*! elementor - v3.22.0 - 26-06-2024 *\/\n.elementor-widget-image{text-align:center}.elementor-widget-image a{display:inline-block}.elementor-widget-image a img[src$=\".svg\"]{width:48px}.elementor-widget-image img{vertical-align:middle;display:inline-block}<\/style>\t\t\t\t\t\t\t\t\t\t<img decoding=\"async\" width=\"300\" height=\"154\" src=\"https:\/\/sympacomm.ch\/wp-content\/uploads\/2024\/06\/image-petit-logo-300x154-1.png\" class=\"attachment-large size-large wp-image-965\" alt=\"\" srcset=\"https:\/\/sympacomm.ch\/wp-content\/uploads\/2024\/06\/image-petit-logo-300x154-1.png 300w, https:\/\/sympacomm.ch\/wp-content\/uploads\/2024\/06\/image-petit-logo-300x154-1-18x9.png 18w\" sizes=\"(max-width: 300px) 100vw, 300px\" \/>\t\t\t\t\t\t\t\t\t\t\t\t\t<\/div>\n\t\t\t\t<\/div>\n\t\t\t\t<div class=\"elementor-element elementor-element-3cebf4c jltma-glass-effect-no elementor-widget elementor-widget-heading\" data-id=\"3cebf4c\" data-element_type=\"widget\" data-widget_type=\"heading.default\">\n\t\t\t\t<div class=\"elementor-widget-container\">\n\t\t\t<style>\/*! elementor - v3.22.0 - 26-06-2024 *\/\n.elementor-heading-title{padding:0;margin:0;line-height:1}.elementor-widget-heading .elementor-heading-title[class*=elementor-size-]>a{color:inherit;font-size:inherit;line-height:inherit}.elementor-widget-heading .elementor-heading-title.elementor-size-small{font-size:15px}.elementor-widget-heading .elementor-heading-title.elementor-size-medium{font-size:19px}.elementor-widget-heading .elementor-heading-title.elementor-size-large{font-size:29px}.elementor-widget-heading .elementor-heading-title.elementor-size-xl{font-size:39px}.elementor-widget-heading .elementor-heading-title.elementor-size-xxl{font-size:59px}<\/style><h2 class=\"elementor-heading-title elementor-size-default\">Voici toutes les soci\u00e9t\u00e9s de Gymnastique qui ont particip\u00e9 \u00e0 la F\u00eate Romande de Gymnastique 2024 et qui sont partenaires de MV Sportlive. <br>\nCliquez sur le logo de la soci\u00e9t\u00e9 pour d\u00e9couvrir les entreprises sympas qui soutiennent le sport amateur local<\/h2>\t\t<\/div>\n\t\t\t\t<\/div>\n\t\t\t\t\t<\/div>\n\t\t\t\t<\/div>\n\t\t\t\t<\/div>","protected":false},"excerpt":{"rendered":"<p>Voici toutes les soci\u00e9t\u00e9s de Gymnastique qui ont particip\u00e9 \u00e0 la F\u00eate Romande de Gymnastique 2024 et qui sont partenaires de MV Sportlive. Cliquez sur le logo de la soci\u00e9t\u00e9 pour d\u00e9couvrir les entreprises sympas qui soutiennent le sport amateur local<\/p>","protected":false},"author":1,"featured_media":0,"parent":0,"menu_order":0,"comment_status":"closed","ping_status":"closed","template":"","meta":{"_acf_changed":false,"_vp_format_video_url":"","_vp_image_focal_point":[],"footnotes":""},"class_list":["post-979","page","type-page","status-publish","hentry"],"acf":[],"_links":{"self":[{"href":"https:\/\/sympacomm.ch\/de\/wp-json\/wp\/v2\/pages\/979","targetHints":{"allow":["GET"]}}],"collection":[{"href":"https:\/\/sympacomm.ch\/de\/wp-json\/wp\/v2\/pages"}],"about":[{"href":"https:\/\/sympacomm.ch\/de\/wp-json\/wp\/v2\/types\/page"}],"author":[{"embeddable":true,"href":"https:\/\/sympacomm.ch\/de\/wp-json\/wp\/v2\/users\/1"}],"replies":[{"embeddable":true,"href":"https:\/\/sympacomm.ch\/de\/wp-json\/wp\/v2\/comments?post=979"}],"version-history":[{"count":4,"href":"https:\/\/sympacomm.ch\/de\/wp-json\/wp\/v2\/pages\/979\/revisions"}],"predecessor-version":[{"id":1178,"href":"https:\/\/sympacomm.ch\/de\/wp-json\/wp\/v2\/pages\/979\/revisions\/1178"}],"wp:attachment":[{"href":"https:\/\/sympacomm.ch\/de\/wp-json\/wp\/v2\/media?parent=979"}],"curies":[{"name":"wp","href":"https:\/\/api.w.org\/{rel}","templated":true}]}}